{"id":5,"date":"2023-02-27T20:51:25","date_gmt":"2023-02-27T19:51:25","guid":{"rendered":"http:\/\/spojrznakopernika.cwint.pl\/?page_id=5"},"modified":"2026-03-28T08:56:55","modified_gmt":"2026-03-28T07:56:55","slug":"strona-glowna","status":"publish","type":"page","link":"https:\/\/spojrznakopernika.cwint.pl\/","title":{"rendered":"SP\u00d3JRZ NA KOPERNIKA"},"content":{"rendered":"\n<p><strong>PROJEKT KOPERNIKA\u0143SKI EDYCJA \u21164<br>CZYTAJ * OBSERWUJ NIEBO * WYCI\u0104GAJ WNIOSKI<\/strong><\/p>\n\n\n\n<figure class=\"wp-block-image aligncenter size-large\"><img loading=\"lazy\" decoding=\"async\" width=\"1024\" height=\"960\" src=\"https:\/\/spojrznakopernika.cwint.pl\/wp-content\/uploads\/2023\/02\/Kopernik_A-1024x960.jpg\" alt=\"\" class=\"wp-image-7\" srcset=\"https:\/\/spojrznakopernika.cwint.pl\/wp-content\/uploads\/2023\/02\/Kopernik_A-1024x960.jpg 1024w, https:\/\/spojrznakopernika.cwint.pl\/wp-content\/uploads\/2023\/02\/Kopernik_A-300x281.jpg 300w, https:\/\/spojrznakopernika.cwint.pl\/wp-content\/uploads\/2023\/02\/Kopernik_A-768x720.jpg 768w, https:\/\/spojrznakopernika.cwint.pl\/wp-content\/uploads\/2023\/02\/Kopernik_A.jpg 1203w\" sizes=\"auto, (max-width: 1024px) 100vw, 1024px\" \/><figcaption class=\"wp-element-caption\"><em>W 1973 roku &nbsp;w 500 rocznic\u0119 urodzin&nbsp; Miko\u0142aja Kopernika  profesor J\u00f3zef Stasi\u0144ski &#8211;  jeden z najwybitniejszych polskich medalier\u00f3w &#8211; uczci\u0142 Miko\u0142aja Kopernika okoliczno\u015bciowym medalem. To pi\u0119kne dzie\u0142o sztuki znajduje si\u0119 r\u00f3wnie\u017c <\/em><br><em>w  zasobach muzealnych CWINT (awers medalu).<\/em><\/figcaption><\/figure>\n\n\n\n<p>Ju\u017c po raz czwarty zach\u0119camy do wzi\u0119cia udzia\u0142u w kopernika\u0144skim projekcie edukacyjnym SP\u00d3JRZ NA KOPERNIKA1. Projekt wystartowa\u0142 w 2023 roku w 550 rocznic\u0119 urodzin Miko\u0142aja Kopernika (1473 &#8211; 1543). W tym szczeg\u00f3lnym roku byli\u015bmy \u015bwiadkami wielu interesuj\u0105cych dzia\u0142a\u0144 i przedsi\u0119wzi\u0119\u0107 ukazuj\u0105cych i podkre\u015blaj\u0105cych dorobek Wielkiego Polskiego Astronoma. 550-ta rocznica urodzin Miko\u0142aja Kopernika sk\u0142oni\u0142a nas w CWINT do refleksji co tak naprawd\u0119 wiemy na temat dzie\u0142a De Revolutionibus, kt\u00f3re podwa\u017ca\u0142o panuj\u0105cy w \u015bredniowiecznej nauce pogl\u0105d o nieruchomo\u015bci Ziemi, wprowadzaj\u0105c nowy, heliocentryczny model w kt\u00f3rym Ziemia i inne planety kr\u0105\u017c\u0105 wok\u00f3\u0142 S\u0142o\u0144ca. Jak to si\u0119 sta\u0142o, \u017ce maj\u0105c do dyspozycji tak skromne instrumenty astronomiczne mo\u017cna by\u0142o doj\u015b\u0107 do takich rewolucyjnych wniosk\u00f3w?<\/p>\n\n\n\n<p><br><span style=\"text-decoration: underline;\"><mark style=\"background-color:#ffffff\" class=\"has-inline-color\">Odpowiesz sam na te i wiele innych pyta\u0144 oraz poszerzysz swoj\u0105 wiedz\u0119 bior\u0105c udzia\u0142 w kopernika\u0144skim projekcie SP\u00d3JRZ NA KOPERNIKA<\/mark>!!!<\/span><\/p>\n\n\n\n<p><strong>Zach\u0119camy do tworzenia rodzinnych i szkolnych zespo\u0142\u00f3w kopernika\u0144skich!<\/strong><\/p>\n\n\n\n<figure class=\"wp-block-image aligncenter size-large is-resized\"><img loading=\"lazy\" decoding=\"async\" width=\"749\" height=\"1024\" src=\"https:\/\/spojrznakopernika.cwint.pl\/wp-content\/uploads\/2023\/02\/01-kopernik-749x1024.jpg\" alt=\"\" class=\"wp-image-12\" style=\"width:319px;height:435px\" srcset=\"https:\/\/spojrznakopernika.cwint.pl\/wp-content\/uploads\/2023\/02\/01-kopernik-749x1024.jpg 749w, https:\/\/spojrznakopernika.cwint.pl\/wp-content\/uploads\/2023\/02\/01-kopernik-220x300.jpg 220w, https:\/\/spojrznakopernika.cwint.pl\/wp-content\/uploads\/2023\/02\/01-kopernik-768x1049.jpg 768w, https:\/\/spojrznakopernika.cwint.pl\/wp-content\/uploads\/2023\/02\/01-kopernik-1124x1536.jpg 1124w, https:\/\/spojrznakopernika.cwint.pl\/wp-content\/uploads\/2023\/02\/01-kopernik-1499x2048.jpg 1499w, https:\/\/spojrznakopernika.cwint.pl\/wp-content\/uploads\/2023\/02\/01-kopernik-scaled.jpg 1873w\" sizes=\"auto, (max-width: 749px) 100vw, 749px\" \/><figcaption class=\"wp-element-caption\"><em>Wizerunek Kopernika &#8211; Jan F. Piwarski, 1852<\/em><\/figcaption><\/figure>\n\n\n\n<p><em>\u2026.W czasie, w kt\u00f3rym autor poda\u0142 sw\u00f3j nowy uk\u0142ad, nie znano jeszcze ani teleskop\u00f3w, ani zegar\u00f3w wahad\u0142owych, nie miano \u015brodk\u00f3w i pomocy jakich dzi\u015b mechanika i fizyka dostarcza. Autor jedynie si\u0142\u0105 swego rozumu przenikn\u0105\u0142 przestrze\u0144 i czas, i zapowiedzia\u0142 przysz\u0142ym pokoleniom prawdy i odkrycia, kt\u00f3rych p\u00f3\u017aniej dokona\u0107 miano, a kt\u00f3remi si\u0119 imiona Galileusza, Keplera i Newtona na zawsze uwieczni\u0142y\u2026.<\/em>&nbsp;tak o Koperniku ponad p\u00f3\u0142tora wieku temu w 1854, we wst\u0119pie do pierwszego wydania &nbsp;De Revolutionibus&nbsp;&nbsp;w&nbsp;&nbsp;j\u0119zyku polskim&nbsp;&nbsp;<br>\u201eN. Copernici Opera \u2013 Dzie\u0142a Kopernika\u201d&nbsp;&nbsp;pisa\u0142 astronom, t\u0142umacz&nbsp;&nbsp;Jan Baranowski.<\/p>\n\n\n\n<figure class=\"wp-block-image size-large\"><img loading=\"lazy\" decoding=\"async\" width=\"1024\" height=\"768\" src=\"https:\/\/spojrznakopernika.cwint.pl\/wp-content\/uploads\/2025\/06\/20230511_173926-1024x768.jpg\" alt=\"\" class=\"wp-image-84\" srcset=\"https:\/\/spojrznakopernika.cwint.pl\/wp-content\/uploads\/2025\/06\/20230511_173926-1024x768.jpg 1024w, https:\/\/spojrznakopernika.cwint.pl\/wp-content\/uploads\/2025\/06\/20230511_173926-300x225.jpg 300w, https:\/\/spojrznakopernika.cwint.pl\/wp-content\/uploads\/2025\/06\/20230511_173926-768x576.jpg 768w, https:\/\/spojrznakopernika.cwint.pl\/wp-content\/uploads\/2025\/06\/20230511_173926-1536x1152.jpg 1536w, https:\/\/spojrznakopernika.cwint.pl\/wp-content\/uploads\/2025\/06\/20230511_173926-2048x1536.jpg 2048w\" sizes=\"auto, (max-width: 1024px) 100vw, 1024px\" \/><\/figure>\n\n\n\n<p><em>Ksi\u0119gi do kt\u00f3rych b\u0119dziemy zagl\u0105da\u0107 podczas realizacji projektu. Fot. CWINT<\/em><\/p>\n\n\n\n<p class=\"has-text-align-left\">W poprzednich edycjach w projekcie wzi\u0119\u0142o udzia\u0142 kilkadziesi\u0105t grup z ca\u0142ej Polski.<br>W wi\u0119kszo\u015bci by\u0142y to kilkuosobowe zespo\u0142y rodzinne, a tak\u017ce grupy m\u0142odzie\u017cy&nbsp; szkolnej. Wsp\u00f3lnie czytali\u015bmy &nbsp;fragmenty <em>De Revolutionibus<\/em>, budowali\u015bmy instrumenty astronomiczne, podobne do tych jakimi pos\u0142ugiwa\u0142 si\u0119 Kopernik, prowadzili\u015bmy obserwacje astronomiczne, brali\u015bmy udzia\u0142 w wystawach <br>i wyk\u0142adach kopernika\u0144skich oraz poszerzali\u015bmy wiedz\u0119 o ruchach gwiazd <br>i planet, kt\u00f3re na przestrzeni wielu wiek\u00f3w by\u0142y tak odmiennie interpretowane <br>i&nbsp; geometrycznie opisywane.<\/p>\n\n\n\n<p class=\"has-text-align-left\">Podczas naszych tegorocznych poszukiwa\u0144 i docieka\u0144 naukowych &#8211; w ramach czwartej edycji &#8211; \u00a0b\u0119dziemy ponownie bazowa\u0107 na\u00a0 <em>De revolutionibus<\/em> Miko\u0142aja Kopernika \u2013 tw\u00f3rcy nowej heliocentrycznej teorii &#8211; ale r\u00f3wnie\u017c wspiera\u0107 si\u0119 wiedz\u0105\u00a0 obserwacyjn\u0105 i zwi\u0105zan\u0105 z budow\u0105 instrument\u00f3w astronomicznych\u00a0\u00a0 <br>Jana Heweliusza (1611-1687) i Galileusza (1564-1642). Przyjrzymy si\u0119 r\u00f3wnie\u017c dok\u0142adniej Jerzemu Joachimowi Retykowi\u00a0 (1514-1574), matematykowi <br>z Wittenbergii, jedynemu uczniowi Kopernika \u00a0i jego <em>Narratio prima<\/em>, kt\u00f3ry niew\u0105tpliwie przyczyni\u0142 si\u0119 do wydania <em>De Rrevolutionibus<\/em> oraz niesamowitej kobiecie Marii Cunitz (1610 &#8211; 1664), wszechstronnie uzdolnionej i starannie wykszta\u0142conej astronomce ze \u015awidnicy,\u00a0 autorce pracy <em>Urania Propitia.<\/em><\/p>\n\n\n\n<p class=\"has-text-align-center\"><br><strong><u>PROJEKT: SP\u00d3JRZ NA KOPERNIKA<\/u><\/strong><\/p>\n\n\n\n<p class=\"has-text-align-center\"><strong>Cel projektu<\/strong><\/p>\n\n\n\n<p>Projekt SP\u00d3JRZ NA KOPERNIKA&nbsp; stawia sobie za cel powi\u0119kszenie w spos\u00f3b czynny &nbsp;wiedzy o Koperniku i&nbsp; <em>De Revolutionibus<\/em>.&nbsp; Sk\u0142ania do podj\u0119cia wysi\u0142ku &#8211; trzymaj\u0105c w r\u0119ce Ksi\u0119g\u0119 <em>O Obrotach<\/em><sup>2<\/sup><em> <\/em>&#8211; do prze\u015bledzenia toku rozumowania Miko\u0142aja Kopernika oraz do przeprowadzenia samodzielnych dzia\u0142a\u0144 i obserwacji wzorem tych,&nbsp; kt\u00f3re doprowadzi\u0142y Kopernika do tak niesamowitego odkrycia.<\/p>\n\n\n\n<p class=\"has-text-align-center\"><strong>Adresaci projektu&nbsp;<\/strong><\/p>\n\n\n\n<p>Projekt SP\u00d3JRZ NA KOPERNIKA&nbsp; skierowany jest do wszystkich, kt\u00f3rzy chc\u0105 poszerzy\u0107 i pog\u0142\u0119bi\u0107 swoj\u0105 wiedze o odkryciu Kopernika oraz tych dla kt\u00f3rych wa\u017cna jest wiedza i szukanie odpowiedzi na zagadki Kosmosu. Zach\u0119camy do tworzenia&nbsp; rodzinnych i szkolnych zespo\u0142\u00f3w&nbsp; kopernika\u0144skich!<\/p>\n\n\n\n<p class=\"has-text-align-center\"><strong>Co b\u0119dziemy robi\u0107 realizuj\u0105c projekt<\/strong><\/p>\n\n\n\n<p>B\u0119dziemy wczytywa\u0107 si\u0119 w <em>De Revolutionibus<\/em> i inne <em>Ksi\u0119gi<\/em>, konstruowa\u0107 instrumenty astronomiczne, obserwowa\u0107 dzienne i nocne niebo, rysowa\u0107, liczy\u0107&nbsp; <br>i wyci\u0105ga\u0107 wnioski jak Kopernik oraz b\u0119dziemy odwiedza\u0107 interesuj\u0105ce miejsca zwi\u0105zane z Kopernikiem, Heweliuszem i Mari\u0105 Cunitz , a tak\u017ce bra\u0107 udzia\u0142 <br>w ciekawych spotkaniach i wydarzeniach.<\/p>\n\n\n\n<p class=\"has-text-align-center\"><strong>Ile czasu zajmie nam realizacja tego projektu i&nbsp;&nbsp;kiedy rozpoczynamy<\/strong><\/p>\n\n\n\n<p>Co najmniej &nbsp;dwa przesilenia s\u0142oneczne.<\/p>\n\n\n\n<p><\/p>\n\n\n\n<p class=\"has-text-align-center\"><strong>Co osi\u0105gniesz bior\u0105c udzia\u0142 razem z nami w projekcie<\/strong><\/p>\n\n\n\n<ul class=\"wp-block-list\">\n<li>Zapoznasz si\u0119 z ciekawymi fragmentami <em>De Revolutionibus<\/em> &#8211; docenisz wielko\u015b\u0107 tego dzie\u0142a i zrozumiesz w jaki spos\u00f3b Miko\u0142aj Kopernik doszed\u0142 <br>do tych rewolucyjnych odkry\u0107<\/li>\n\n\n\n<li>Skonstruujesz samodzielnie kwadrant astronomiczny &#8211; instrument, kt\u00f3rym pos\u0142ugiwa\u0142 si\u0119 Kopernik i zadziwisz si\u0119 co mo\u017cna nim odkry\u0107<\/li>\n\n\n\n<li>Dojdziesz do niesamowitych wniosk\u00f3w \u2013 m.in. sam wyznaczysz i obliczysz jakie jest pochylenie r\u00f3wnika niebieskiego do p\u0142aszczyzny ekliptyki (poznasz te poj\u0119cia i bez problemu je zrozumiesz)<\/li>\n\n\n\n<li>Poznasz nocne niebo i b\u0119dziesz rozpoznawa\u0142 i lokalizowa\u0142 gwiazdozbiory, asteryzmy i obiekty g\u0142\u0119bokiego nieba<\/li>\n\n\n\n<li>Zg\u0142\u0119bisz swoj\u0105 wiedz\u0119 o planetach, Ksi\u0119\u017cycu, gwiazdach, teleskopach <br>i sprz\u0119cie astronomicznym<\/li>\n\n\n\n<li>Nauczysz si\u0119 obs\u0142ugiwa\u0107 profesjonalny sekstant astronomiczny i b\u0119dziesz potrafi\u0142 wykona\u0107 szereg pomiar\u00f3w astronomicznych \u2013 wszak Kopernik te\u017c mierzy\u0142 k\u0105ty i wysoko\u015bci gwiazd i planet aby doj\u015b\u0107 do swoich odkry\u0107.<\/li>\n\n\n\n<li>Poznasz i poszerzysz wiedz\u0119 o uczonych i astronomach dzia\u0142aj\u0105cych na przestrzeni dziesi\u0105tk\u00f3w wiek\u00f3w i wsp\u00f3\u0142czesnych.<\/li>\n\n\n\n<li>Odwiedzisz interesuj\u0105ce miejsca i obiekty oraz poznasz ciekawych ludzi<\/li>\n<\/ul>\n\n\n\n<figure class=\"wp-block-image size-large\"><img loading=\"lazy\" decoding=\"async\" width=\"1024\" height=\"892\" src=\"https:\/\/spojrznakopernika.cwint.pl\/wp-content\/uploads\/2025\/06\/Astrolabium-sferyczne-20230225_184617_-1024x892.jpg\" alt=\"\" class=\"wp-image-86\" srcset=\"https:\/\/spojrznakopernika.cwint.pl\/wp-content\/uploads\/2025\/06\/Astrolabium-sferyczne-20230225_184617_-1024x892.jpg 1024w, https:\/\/spojrznakopernika.cwint.pl\/wp-content\/uploads\/2025\/06\/Astrolabium-sferyczne-20230225_184617_-300x261.jpg 300w, https:\/\/spojrznakopernika.cwint.pl\/wp-content\/uploads\/2025\/06\/Astrolabium-sferyczne-20230225_184617_-768x669.jpg 768w, https:\/\/spojrznakopernika.cwint.pl\/wp-content\/uploads\/2025\/06\/Astrolabium-sferyczne-20230225_184617_-1536x1338.jpg 1536w, https:\/\/spojrznakopernika.cwint.pl\/wp-content\/uploads\/2025\/06\/Astrolabium-sferyczne-20230225_184617_-2048x1785.jpg 2048w\" sizes=\"auto, (max-width: 1024px) 100vw, 1024px\" \/><\/figure>\n\n\n\n<p><em>Astrolabium sferyczne \u2013 najbardziej zaawansowany instrument astronomiczny jakim pos\u0142ugiwa\u0142 si\u0119 Miko\u0142aj Kopernik szczeg\u00f3\u0142owo opisany w De Revolutionibus. My zaczynamy od Kwadrantu Astronomicznego i b\u0119dziemy wyznacza\u0107 pochylenie r\u00f3wnika niebieskiego do p\u0142aszczyzny ekliptyki. Fot. CWINT<\/em><\/p>\n\n\n\n<p>Aby to osi\u0105gn\u0105\u0107 b\u0119dziesz musia\u0142&nbsp; po\u015bwi\u0119ci\u0107 troch\u0119&nbsp; czasu&nbsp; i wykaza\u0107 si\u0119 cierpliwo\u015bci\u0105&nbsp; aby przeczyta\u0107 wskazane&nbsp; materia\u0142y&nbsp; (fragmenty dzie\u0142a Kopernika&nbsp; <br><em>O Obrotach<\/em> i innych autor\u00f3w) oraz zrealizowa\u0107 okre\u015blone dzia\u0142ania. B\u0119dzie&nbsp; to wymaga\u0142o od Ciebie r\u00f3wnie\u017c pewnej&nbsp; systematyczno\u015bci i samozaparcia&nbsp; prowadz\u0105c jak Miko\u0142aj Kopernik obserwacje gwiazd, S\u0142o\u0144ca, planet i Ksi\u0119\u017cyca lub&nbsp; majsterkuj\u0105c&nbsp; przy instrumentach astronomicznych.<\/p>\n\n\n\n<p>I na koniec b\u0119dziemy prosi\u0107 Ciebie aby\u015b skrupulatnie prowadzi\u0142 DZIENNIK w kt\u00f3rym b\u0119dziesz raportowa\u0142 i zapisywa\u0142 wszystkie wa\u017cniejsze swoje dzia\u0142ania, zamieszcza\u0142 szkice, rysunki, zdj\u0119cia i obliczenia. Dziennik staranie zabezpieczysz, uzupe\u0142niaj\u0105c go w razie potrzeby co kilka lat&nbsp; i otworzysz go Ty sam&nbsp; lub kolejni odkrywcy&nbsp; za ca. 50 lat w 600 rocznic\u0119 urodzin Miko\u0142aja Kopernika!<\/p>\n\n\n\n<p>Swoje dzia\u0142ania b\u0119dziesz m\u00f3g\u0142 zaprezentowa\u0107 podczas naszego spotkania kopernika\u0144skiego, kt\u00f3re zaplanowali\u015bmy&nbsp; w czasie &nbsp;r\u00f3wnonocy jesiennej.<\/p>\n\n\n\n<p class=\"has-text-align-center\"><strong>Zg\u0142oszenie udzia\u0142u w projekcie<\/strong><\/p>\n\n\n\n<p>Zainteresowanych&nbsp;&nbsp;udzia\u0142em w projekcie SP\u00d3JRZ NA KOPERNIKA prosimy <br>o zapoznanie si\u0119 z <a rel=\"noreferrer noopener\" href=\"https:\/\/spojrznakopernika.cwint.pl\/wp-content\/uploads\/2023\/03\/REGULAMIN-uczestnictwa-w-projekcie_01.pdf\" target=\"_blank\">REGULAMINEM<\/a> projektu  oraz wype\u0142nienie <a href=\"https:\/\/spojrznakopernika.cwint.pl\/wp-content\/uploads\/2023\/03\/FORMULARZ-ZGLOSZENIOWY_02.pdf\" target=\"_blank\" rel=\"noreferrer noopener\">FORMULARZA ZG\u0141OSZENIOWEGO<\/a>  i przes\u0142anie   na adres:&nbsp; <a href=\"mailto:spojrznakopernika@cwint.pl\">spojrznakopernika@cwint.pl<\/a>.<\/p>\n\n\n\n<p class=\"has-text-align-center\"><strong>Koordynator projektu<\/strong><\/p>\n\n\n\n<p class=\"has-text-align-center\">Klub My\u015bli Naukowej De Revolutionibus<\/p>\n\n\n\n<p class=\"has-text-align-center\"><strong>Organizatorzy projektu<\/strong><\/p>\n\n\n\n<p class=\"has-text-align-center\">Obserwatorium Astronomiczne CWINT<br>Delta Optical<br><br><strong>O tytule projektu<\/strong><\/p>\n\n\n\n<p>Tytu\u0142&nbsp;&nbsp;projektu SP\u00d3JRZ NA KOPERNIKA nawi\u0105zuje do sposobu naszego dzia\u0142ania podczas realizacji  projektu tj. spojrzymy wnikliwie na Kopernika poprzez  Jego analizy, obliczenia i opisy zawarte w De Revolutionibus oraz nawi\u0105zuje do pierwszego zadania obserwacyjnego&nbsp;&nbsp;tj. obserwacji lornetkowej lub teleskopowej ksi\u0119\u017cycowego krateru Kopernik, kt\u00f3ry swoim pi\u0119knem oznajmi pocz\u0105tek naszego projektu!&nbsp;&nbsp;<\/p>\n\n\n\n<p>Dzi\u0119kujemy wszystkim, kt\u00f3rzy b\u0119d\u0105 nas wspiera\u0107 i pomaga\u0107&nbsp;&nbsp;podczas realizacji projektu.<\/p>\n\n\n\n<p><strong>POZDRAWIAM I ZAPRASZAMY DO WZI\u0118CIA UDZIA\u0141U W PROJEKCIE <\/strong><br><strong>Piotr Duczmal<\/strong><br>Centrum Wiedzy i Nowych Technologii im. Jana Paw\u0142a II<br>Obserwatorium Astronomiczne CWINT<br>Klub My\u015bli Naukowej De Revolutionibus<br>Wielkopolska Po\u0142udniowa, Parzyn\u00f3w 67, 63-507 Kobyla G\u00f3ra<\/p>\n\n\n\n<p>tel. 601-97-70-54, mail:pd@cwint.pl<\/p>\n\n\n\n<p><\/p>\n\n\n\n<p>Kilka s\u0142\u00f3w o organizatorach i koordynatorze projektu<br>Centrum Wiedzy i Nowych Technologii im. Jana Paw\u0142a II (CWINT) jest organizacj\u0105 NON PROFIT zawi\u0105zan\u0105 w 2014 i ma swoj\u0105 siedzib\u0119 w Parzynowie w pobli\u017cu najwy\u017cszego wzniesienia&nbsp; Wielkopolski. &nbsp;G\u0142\u00f3wnym celem dzia\u0142alno\u015bci CWINT jest propagowanie i pog\u0142\u0119bianie szeroko poj\u0119tej wiedzy oraz dzia\u0142alno\u015b\u0107 naukowo-badawcza. Dzi\u0119ki walorom przyrodniczo-krajobrazowych realizujemy projekty mi\u0119dzy innymi zwi\u0105zane z astronomi\u0105 i obserwacjami astronomicznymi. Wsp\u00f3\u0142pracujemy z wieloma organizacjami i instytucjami edukacyjno-naukowymi w Polsce oraz z najwi\u0119kszym na \u015bwiecie laboratorium fizyki cz\u0105stek elementarnych CERN \u2013 Europejsk\u0105 Organizacj\u0105 Bada\u0144 J\u0105drowych w Genewie z kt\u00f3r\u0105 wsp\u00f3lnie organizujemy pikniki edukacyjno-naukowe i wideokonferencje. W ramach CWINT dzia\u0142a Obserwatorium Astronomiczne, Klub My\u015bli Naukowej De Revolutionibus oraz Muzeum Jana Paw\u0142a II i Wybitnych Wielkopolan.<\/p>\n\n\n\n<p>Delta Optical \u2013 wiod\u0105cy na rynku polskim i europejskim dostawca sprz\u0119tu astronomicznego,&nbsp; laboratoryjnej&nbsp; aparatury optycznej oraz zaawansowanej optyki my\u015bliwski, organizator i mecenas przedsi\u0119wzi\u0119\u0107 popularyzuj\u0105cych astronomi\u0119.<\/p>\n\n\n\n<figure class=\"wp-block-image aligncenter size-large is-resized\"><img loading=\"lazy\" decoding=\"async\" width=\"1024\" height=\"972\" src=\"https:\/\/spojrznakopernika.cwint.pl\/wp-content\/uploads\/2023\/02\/Kopernik_R-1024x972.jpg\" alt=\"\" class=\"wp-image-8\" style=\"width:650px;height:617px\" srcset=\"https:\/\/spojrznakopernika.cwint.pl\/wp-content\/uploads\/2023\/02\/Kopernik_R-1024x972.jpg 1024w, https:\/\/spojrznakopernika.cwint.pl\/wp-content\/uploads\/2023\/02\/Kopernik_R-300x285.jpg 300w, https:\/\/spojrznakopernika.cwint.pl\/wp-content\/uploads\/2023\/02\/Kopernik_R-768x729.jpg 768w, https:\/\/spojrznakopernika.cwint.pl\/wp-content\/uploads\/2023\/02\/Kopernik_R.jpg 1200w\" sizes=\"auto, (max-width: 1024px) 100vw, 1024px\" \/><figcaption class=\"wp-element-caption\"><em>Rewers medalu profesora J\u00f3zefa Stasi\u0144skiego z 1973 roku.<\/em><\/figcaption><\/figure>\n\n\n\n<figure class=\"wp-block-image aligncenter size-full is-style-default\"><img loading=\"lazy\" decoding=\"async\" width=\"637\" height=\"868\" src=\"https:\/\/spojrznakopernika.cwint.pl\/wp-content\/uploads\/2023\/02\/Nicolai_Copernici.jpg\" alt=\"\" class=\"wp-image-14\" srcset=\"https:\/\/spojrznakopernika.cwint.pl\/wp-content\/uploads\/2023\/02\/Nicolai_Copernici.jpg 637w, https:\/\/spojrznakopernika.cwint.pl\/wp-content\/uploads\/2023\/02\/Nicolai_Copernici-220x300.jpg 220w\" sizes=\"auto, (max-width: 637px) 100vw, 637px\" \/><figcaption class=\"wp-element-caption\"><em>Strona tytu\u0142owa \u201eN. Copernici Opera \u2013 Dzie\u0142a Kopernika\u201d z 1854r.<br>Ksi\u0119ga ta b\u0119dzie naszym przewodnikiem i drogowskazem.<\/em><\/figcaption><\/figure>\n","protected":false},"excerpt":{"rendered":"<p>PROJEKT KOPERNIKA\u0143SKI EDYCJA \u21164CZYTAJ * OBSERWUJ NIEBO * WYCI\u0104GAJ WNIOSKI Ju\u017c po raz czwarty zach\u0119camy do wzi\u0119cia udzia\u0142u w kopernika\u0144skim projekcie edukacyjnym SP\u00d3JRZ NA KOPERNIKA1. Projekt wystartowa\u0142 w 2023 roku w 550 rocznic\u0119 urodzin Miko\u0142aja Kopernika (1473 &#8211; 1543). W tym szczeg\u00f3lnym roku byli\u015bmy \u015bwiadkami wielu interesuj\u0105cych dzia\u0142a\u0144 i przedsi\u0119wzi\u0119\u0107 ukazuj\u0105cych i podkre\u015blaj\u0105cych dorobek Wielkiego [&hellip;]<\/p>\n","protected":false},"author":1,"featured_media":0,"parent":0,"menu_order":0,"comment_status":"closed","ping_status":"closed","template":"","meta":{"footnotes":""},"class_list":["post-5","page","type-page","status-publish","hentry"],"_links":{"self":[{"href":"https:\/\/spojrznakopernika.cwint.pl\/index.php\/wp-json\/wp\/v2\/pages\/5","targetHints":{"allow":["GET"]}}],"collection":[{"href":"https:\/\/spojrznakopernika.cwint.pl\/index.php\/wp-json\/wp\/v2\/pages"}],"about":[{"href":"https:\/\/spojrznakopernika.cwint.pl\/index.php\/wp-json\/wp\/v2\/types\/page"}],"author":[{"embeddable":true,"href":"https:\/\/spojrznakopernika.cwint.pl\/index.php\/wp-json\/wp\/v2\/users\/1"}],"replies":[{"embeddable":true,"href":"https:\/\/spojrznakopernika.cwint.pl\/index.php\/wp-json\/wp\/v2\/comments?post=5"}],"version-history":[{"count":43,"href":"https:\/\/spojrznakopernika.cwint.pl\/index.php\/wp-json\/wp\/v2\/pages\/5\/revisions"}],"predecessor-version":[{"id":92,"href":"https:\/\/spojrznakopernika.cwint.pl\/index.php\/wp-json\/wp\/v2\/pages\/5\/revisions\/92"}],"wp:attachment":[{"href":"https:\/\/spojrznakopernika.cwint.pl\/index.php\/wp-json\/wp\/v2\/media?parent=5"}],"curies":[{"name":"wp","href":"https:\/\/api.w.org\/{rel}","templated":true}]}}